{"id":88,"date":"2015-09-14T09:11:14","date_gmt":"2015-09-14T07:11:14","guid":{"rendered":"http:\/\/feuerwehr-zeitlarn.de\/?page_id=88"},"modified":"2024-07-25T11:27:46","modified_gmt":"2024-07-25T09:27:46","slug":"hierarchie","status":"publish","type":"page","link":"https:\/\/feuerwehr-zeitlarn.de\/?page_id=88","title":{"rendered":"Hierarchie"},"content":{"rendered":"<p>Hierarchie<!-- <meta name=\"NextGEN\" version=\"2.0.79\" \/> --><\/p>\n<div id=\"page\" class=\"template-full-widch\">\n<div id=\"main\">\n<div class=\"primary\">\n<div id=\"content\">\n<article id=\"post-56\" class=\"post-56 page type-page status-publish hentry\">\n<div class=\"col2 fright\">\n<div class=\"entry-content\">\n<p>Hier muss eine Zweiteilung erfolgen:<\/p>\n<table align=\"center\">\n<tbody>\n<tr>\n<td>1.<\/td>\n<td>Feuerwehrverein \u201cFreiwillige Feuerwehr Zeitlarn e.V.\u201d<\/td>\n<\/tr>\n<tr>\n<td>2.<\/td>\n<td>gemeindliche Organisation Feuerwehr Zeitlarn<\/td>\n<\/tr>\n<tr>\n<td>zu 1.<\/td>\n<\/tr>\n<tr>\n<td><\/td>\n<td>Der \u201cFeuerwehrverein\u201d hat den Zweck (siehe Vereinssatzung \u00a7 2) an dessen Spitze<br \/>\nsteht die Vorstandschaft voran der 1. Vorsitzende und dessen Stellvertreter die gesamte Vorstandschaft ist auf 6 Jahre gew\u00e4hlt, der Verein hat ausschlie\u00dflich gemeinn\u00fctzige Zwecke.<\/td>\n<\/tr>\n<tr>\n<td>zu 2.<\/td>\n<\/tr>\n<tr>\n<td><\/td>\n<td>Die \u201cgemeindliche Organisation \u2013 Feuerwehr Zeitlarn\u201d ist eine lt. bayerischem Feuerwehrgesetz durch die Gemeinde zu unterhaltende Organisation mit dem Zweck dem B\u00fcrger in Schadenssituationen (wie Br\u00e4nden, Unwetter, Unf\u00e4lle usw.) Hilfe zu leisten. F\u00fcr die Aufstellung und den Unterhalt ist ausschlie\u00dflich die Gemeinde verantwortlich. An der Spitze der Feuerwehr steht der 1. Kommandant und dessen Stellvertreter, diese werden ebenfalls auf 6 Jahre durch die \u201caktiven\u201d gew\u00e4hlt und m\u00fcssen durch den Gemeinderat bestellt werden. Bei F\u00fchrungsaufgaben und Ausbildungen werden diese durch Zug- und Gruppenf\u00fchrer sowie im Einsatzdienst durch die \u201caktive Mannschaft\u201d unterst\u00fctzt.<\/td>\n<\/tr>\n<\/tbody>\n<\/table>\n<\/div>\n<\/div>\n<\/article>\n<\/div>\n<\/div>\n<\/div>\n<\/div>\n","protected":false},"excerpt":{"rendered":"<p class=\"qua-blog-post-description\">Hierarchie Hier muss eine Zweiteilung erfolgen: 1. Feuerwehrverein \u201cFreiwillige Feuerwehr Zeitlarn e.V.\u201d 2. gemeindliche Organisation Feuerwehr Zeitlarn zu 1. Der \u201cFeuerwehrverein\u201d hat den Zweck (siehe Vereinssatzung \u00a7 2) an dessen Spitze steht die Vorstandschaft voran der 1. Vorsitzende und dessen Stellvertreter die gesamte Vorstandschaft ist auf 6 Jahre gew\u00e4hlt, der Verein hat ausschlie\u00dflich gemeinn\u00fctzige Zwecke. [&hellip;]<\/p>\n","protected":false},"author":1,"featured_media":0,"parent":37,"menu_order":0,"comment_status":"closed","ping_status":"closed","template":"","meta":{"footnotes":""},"class_list":["post-88","page","type-page","status-publish","hentry"],"_links":{"self":[{"href":"https:\/\/feuerwehr-zeitlarn.de\/index.php?rest_route=\/wp\/v2\/pages\/88","targetHints":{"allow":["GET"]}}],"collection":[{"href":"https:\/\/feuerwehr-zeitlarn.de\/index.php?rest_route=\/wp\/v2\/pages"}],"about":[{"href":"https:\/\/feuerwehr-zeitlarn.de\/index.php?rest_route=\/wp\/v2\/types\/page"}],"author":[{"embeddable":true,"href":"https:\/\/feuerwehr-zeitlarn.de\/index.php?rest_route=\/wp\/v2\/users\/1"}],"replies":[{"embeddable":true,"href":"https:\/\/feuerwehr-zeitlarn.de\/index.php?rest_route=%2Fwp%2Fv2%2Fcomments&post=88"}],"version-history":[{"count":5,"href":"https:\/\/feuerwehr-zeitlarn.de\/index.php?rest_route=\/wp\/v2\/pages\/88\/revisions"}],"predecessor-version":[{"id":17820,"href":"https:\/\/feuerwehr-zeitlarn.de\/index.php?rest_route=\/wp\/v2\/pages\/88\/revisions\/17820"}],"up":[{"embeddable":true,"href":"https:\/\/feuerwehr-zeitlarn.de\/index.php?rest_route=\/wp\/v2\/pages\/37"}],"wp:attachment":[{"href":"https:\/\/feuerwehr-zeitlarn.de\/index.php?rest_route=%2Fwp%2Fv2%2Fmedia&parent=88"}],"curies":[{"name":"wp","href":"https:\/\/api.w.org\/{rel}","templated":true}]}}