{"id":77,"date":"2015-09-11T11:39:52","date_gmt":"2015-09-11T09:39:52","guid":{"rendered":"http:\/\/feuerwehr-zeitlarn.de\/?page_id=77"},"modified":"2021-10-27T16:20:00","modified_gmt":"2021-10-27T14:20:00","slug":"991-2","status":"publish","type":"page","link":"https:\/\/feuerwehr-zeitlarn.de\/?page_id=77","title":{"rendered":"MZB 99\/2"},"content":{"rendered":"<p class=\"p1\"><span class=\"s1\">Mehrzweckboot <\/span><\/p>\n<p class=\"p1\"><span class=\"s1\">Funkrufname: Florian Zeitlarn 99\/2<\/span><\/p>\n<p class=\"p1\"><span class=\"s1\">Hersteller: J. W . Sch\u00e4fer, Remagen-Oberwinter<br \/>\nBaujahr: M\u00e4rz 2003<\/span><\/p>\n<p class=\"p1\"><span class=\"s1\">In-Dienststellung: M\u00e4rz 2003<\/span><\/p>\n<p class=\"p1\"><span class=\"s1\">\u2014\u2014\u2014\u2014\u2014\u2014\u2014\u2014\u2014\u2014\u2014\u2014\u2014\u2014\u2014\u2014\u2014\u2014\u2014\u2014\u2014\u2014\u2014\u2014\u2014<\/span><\/p>\n<p class=\"p1\"><span class=\"s1\">Technische Daten:<\/span><\/p>\n<p class=\"p1\"><span class=\"s1\">Leergewicht: 140 kg<\/span><\/p>\n<p class=\"p1\"><span class=\"s1\">Zuladung: 6 Personen<\/span><\/p>\n<p class=\"p1\"><span class=\"s1\">Aufbau\/Ausf\u00fchrung: <\/span><\/p>\n<ul class=\"ul1\">\n<li class=\"li1\"><span class=\"s1\">Am Bug und Heck befindet sich je ein Auftriebsk\u00f6rper welcher zum ein- und aussteigen als \u201eSteg\u201c genutzt werden kann<\/span><\/li>\n<li class=\"li1\"><span class=\"s1\">Boot ist besonders geeignet zum Einsatz an flachen bzw. nicht \u00fcberfluteten Stellen da es an der Unterseite mit Reifen ausgestattet ist<\/span><\/li>\n<li class=\"li1\"><span class=\"s1\">Durch geringe Abmessungen sehr wendig, gute Rangierf\u00e4higkeiten in engen Gassen um z. B. Hilfesuchende aufzunehmen.<\/span><\/li>\n<li class=\"li1\"><span class=\"s1\">Nebeneffekt dieser Bootsbauart ist auch die Einsatzm\u00f6glichkeit bei einer \u201cEisrettung\u201d da kein zus\u00e4tzlicher Eisschlitten ben\u00f6tigt wird.<\/span><\/li>\n<li class=\"li1\"><span class=\"s1\">Dieses Einsatzger\u00e4t wurde zu 100 % aus Mitteln des Feuerwehrvereins beschafft!<\/span><\/li>\n<\/ul>\n","protected":false},"excerpt":{"rendered":"<p class=\"qua-blog-post-description\">Mehrzweckboot Funkrufname: Florian Zeitlarn 99\/2 Hersteller: J. W . Sch\u00e4fer, Remagen-Oberwinter Baujahr: M\u00e4rz 2003 In-Dienststellung: M\u00e4rz 2003 \u2014\u2014\u2014\u2014\u2014\u2014\u2014\u2014\u2014\u2014\u2014\u2014\u2014\u2014\u2014\u2014\u2014\u2014\u2014\u2014\u2014\u2014\u2014\u2014\u2014 Technische Daten: Leergewicht: 140 kg Zuladung: 6 Personen Aufbau\/Ausf\u00fchrung: Am Bug und Heck befindet sich je ein Auftriebsk\u00f6rper welcher zum ein- und aussteigen als \u201eSteg\u201c genutzt werden kann Boot ist besonders geeignet zum Einsatz an flachen bzw. [&hellip;]<\/p>\n","protected":false},"author":1,"featured_media":0,"parent":71,"menu_order":0,"comment_status":"closed","ping_status":"closed","template":"","meta":{"footnotes":""},"class_list":["post-77","page","type-page","status-publish","hentry"],"_links":{"self":[{"href":"https:\/\/feuerwehr-zeitlarn.de\/index.php?rest_route=\/wp\/v2\/pages\/77","targetHints":{"allow":["GET"]}}],"collection":[{"href":"https:\/\/feuerwehr-zeitlarn.de\/index.php?rest_route=\/wp\/v2\/pages"}],"about":[{"href":"https:\/\/feuerwehr-zeitlarn.de\/index.php?rest_route=\/wp\/v2\/types\/page"}],"author":[{"embeddable":true,"href":"https:\/\/feuerwehr-zeitlarn.de\/index.php?rest_route=\/wp\/v2\/users\/1"}],"replies":[{"embeddable":true,"href":"https:\/\/feuerwehr-zeitlarn.de\/index.php?rest_route=%2Fwp%2Fv2%2Fcomments&post=77"}],"version-history":[{"count":3,"href":"https:\/\/feuerwehr-zeitlarn.de\/index.php?rest_route=\/wp\/v2\/pages\/77\/revisions"}],"predecessor-version":[{"id":17801,"href":"https:\/\/feuerwehr-zeitlarn.de\/index.php?rest_route=\/wp\/v2\/pages\/77\/revisions\/17801"}],"up":[{"embeddable":true,"href":"https:\/\/feuerwehr-zeitlarn.de\/index.php?rest_route=\/wp\/v2\/pages\/71"}],"wp:attachment":[{"href":"https:\/\/feuerwehr-zeitlarn.de\/index.php?rest_route=%2Fwp%2Fv2%2Fmedia&parent=77"}],"curies":[{"name":"wp","href":"https:\/\/api.w.org\/{rel}","templated":true}]}}