{"id":73,"date":"2015-09-11T11:39:21","date_gmt":"2015-09-11T09:39:21","guid":{"rendered":"http:\/\/feuerwehr-zeitlarn.de\/?page_id=73"},"modified":"2021-10-27T18:14:37","modified_gmt":"2021-10-27T16:14:37","slug":"401-2","status":"publish","type":"page","link":"https:\/\/feuerwehr-zeitlarn.de\/?page_id=73","title":{"rendered":"HLF 40\/1"},"content":{"rendered":"<p style=\"text-align: center;\"><strong>Hilfeleistungsl\u00f6schfahrzeug<\/strong><\/p>\n<p>Kennzeichen: R \u2013 FZ 4001<br \/>\nFunkrufname: FLORIAN Zeitlarn 40\/1<br \/>\nFahrgestell: IVECO \u2013 Euro-Fire \u2013 14 0 E 30 \u2013 Motor EURO 4, 305 PS Fahrzeug nach DIN EN 1846, DIN 14502 und DIN 14530-11 sowie L\u00e4ndernorm \u201cBAYERN\u201d<br \/>\nErstzulassung: August 2007<br \/>\nIn-Dienststellung: 13. Oktober 2007<br \/>\nBeschaffungskosten: 325.000,00 \u20ac (staatl. Zuschuss 70.000,00 \u20ac)<\/p>\n<p>\u2014\u2014\u2014\u2014\u2014\u2014\u2014\u2014\u2014\u2014\u2014\u2014\u2014\u2014\u2014\u2014\u2014\u2014\u2014\u2014\u2014\u2014\u2014\u2014\u2014\u2014\u2014\u2013<br \/>\n<strong>Technische Daten:<\/strong><br \/>\nzul. Ges. Gewicht: 14.500 kg<br \/>\nBesatzung: 9 Mann<br \/>\nFunkausstattung: 1 \u2013 4m Ger\u00e4t mit 2. Sprechstelle am Pumpenbedienstand, 1 \u2013 2m Ger\u00e4t fest eingebaut, 5 \u2013 2m Ger\u00e4te tragbar<br \/>\nFeuerl\u00f6schkreiselpumpe: FP 20\/10<br \/>\nSchaumzumischanlage: Fire-Dos 1000<br \/>\nL\u00f6schwasserbeh\u00e4lter: 2.000 ltr.<br \/>\nSchaummittelbeh\u00e4lter: 150 ltr. \u2013 Mehrbereichschaum<br \/>\nSchnellangriffseinrichtung: S 25\/50 m mit Hohlstrahlrohr<br \/>\nWasserwerfer: AWG HH 1260, PN 16 auf Dach montiert Leistung: 1200 ltr.\/min.<br \/>\nNormbeladung HLF 20\/16 \u2013 BAYERN<br \/>\nZus\u00e4tzliche Technische Beladung:<\/p>\n<ul>\n<li>DR\u00c4GER PSS 90 \u2013 2 St\u00fcck im Mannschaftsraum eingebaut<\/li>\n<li>2 weitere PA \u2013 DR\u00c4GER PSS 90 im Ger\u00e4teraum 3 (mit Zubeh\u00f6r)<\/li>\n<li>gro\u00dfer WEBER Rettungssatz mit Motoraggregat E \u2013 Tripple-T mit 3. Schlauchpaarhaspel f\u00fcr gleichzeitigen Einsatz,<\/li>\n<li>WEBER Spreizer SP 80<\/li>\n<li>WEBER Schneidger\u00e4t LS 270-71<\/li>\n<li>WEBER Rettungszylinder RZ 1, 2 und 3<\/li>\n<li>WEBER Pedalschneider S 50-14,<\/li>\n<li>WEBER Glasmanagement<\/li>\n<li>OCTOPUS Rettungsplattform<\/li>\n<li>WIMUTEC Rettungss\u00e4ge<\/li>\n<li>ENDRESS Stromerzeuger ESE 14 mit 14 kvA-Leistung<\/li>\n<li>Lichtmast am Heck mit 2 x 1500 Watt \u2013 Scheinwerfer 9,60 m ausfahrbar<\/li>\n<li>Schnellangriffseinrichtung \u201cStrom\u201d<\/li>\n<li>Flutlichttrage mit 2 x 1000 Watt \u2013 Scheinwerfer<\/li>\n<li>Rettungsbrett<\/li>\n<li>VETTER Hebekissensatz V 10, V 18, V 28 mit Zubeh\u00f6r<\/li>\n<li>VETTER Rohrdichtkissensatz RDK 7\/15 und RDK 30\/60 mit Zubeh\u00f6r<\/li>\n<li>Ger\u00e4tesatz Absturzsicherung<\/li>\n<li>Kaminkehrerwerkzeugsatz<\/li>\n<li>Mineral\u00f6lumf\u00fcllpumpe mechanisch mit 20 ltr. Kanister<\/li>\n<li>Leitungsroller 400 V 50 m<\/li>\n<li>LEADER \u2013 Hochleistungsl\u00fcfter, motorbetrieben MT 165<\/li>\n<li>Zusatzbeladung Wasserschaden (zus\u00e4tzliche Tauchpumpe MAST TP 4-1, Wassersauger Wap-Alto SQ-671)<\/li>\n<li>Einmannhaspel \u201cVerkehrsabsicherung\u201d<\/li>\n<li>Einmannhaspel \u201cB-Schl\u00e4uche\u201d mit Armaturen zur Wasserentnahme auf der Haspel<\/li>\n<li>R\u00fcckfahrkamera<\/li>\n<li>Hygieneboard<\/li>\n<li>Zus\u00e4tzliches Absicherungs- und Absperrmaterial<br \/>\nDie Beschaffung des Hilfeleistungsl\u00f6schfahrzeug wurde durch den Feuerwehrverein mit einem Betrag von 30.000,00 gef\u00f6rdert!<\/li>\n<\/ul>\n","protected":false},"excerpt":{"rendered":"<p class=\"qua-blog-post-description\">Hilfeleistungsl\u00f6schfahrzeug Kennzeichen: R \u2013 FZ 4001 Funkrufname: FLORIAN Zeitlarn 40\/1 Fahrgestell: IVECO \u2013 Euro-Fire \u2013 14 0 E 30 \u2013 Motor EURO 4, 305 PS Fahrzeug nach DIN EN 1846, DIN 14502 und DIN 14530-11 sowie L\u00e4ndernorm \u201cBAYERN\u201d Erstzulassung: August 2007 In-Dienststellung: 13. Oktober 2007 Beschaffungskosten: 325.000,00 \u20ac (staatl. Zuschuss 70.000,00 \u20ac) \u2014\u2014\u2014\u2014\u2014\u2014\u2014\u2014\u2014\u2014\u2014\u2014\u2014\u2014\u2014\u2014\u2014\u2014\u2014\u2014\u2014\u2014\u2014\u2014\u2014\u2014\u2014\u2013 Technische Daten: [&hellip;]<\/p>\n","protected":false},"author":1,"featured_media":0,"parent":71,"menu_order":0,"comment_status":"closed","ping_status":"closed","template":"","meta":{"footnotes":""},"class_list":["post-73","page","type-page","status-publish","hentry"],"_links":{"self":[{"href":"https:\/\/feuerwehr-zeitlarn.de\/index.php?rest_route=\/wp\/v2\/pages\/73","targetHints":{"allow":["GET"]}}],"collection":[{"href":"https:\/\/feuerwehr-zeitlarn.de\/index.php?rest_route=\/wp\/v2\/pages"}],"about":[{"href":"https:\/\/feuerwehr-zeitlarn.de\/index.php?rest_route=\/wp\/v2\/types\/page"}],"author":[{"embeddable":true,"href":"https:\/\/feuerwehr-zeitlarn.de\/index.php?rest_route=\/wp\/v2\/users\/1"}],"replies":[{"embeddable":true,"href":"https:\/\/feuerwehr-zeitlarn.de\/index.php?rest_route=%2Fwp%2Fv2%2Fcomments&post=73"}],"version-history":[{"count":6,"href":"https:\/\/feuerwehr-zeitlarn.de\/index.php?rest_route=\/wp\/v2\/pages\/73\/revisions"}],"predecessor-version":[{"id":17803,"href":"https:\/\/feuerwehr-zeitlarn.de\/index.php?rest_route=\/wp\/v2\/pages\/73\/revisions\/17803"}],"up":[{"embeddable":true,"href":"https:\/\/feuerwehr-zeitlarn.de\/index.php?rest_route=\/wp\/v2\/pages\/71"}],"wp:attachment":[{"href":"https:\/\/feuerwehr-zeitlarn.de\/index.php?rest_route=%2Fwp%2Fv2%2Fmedia&parent=73"}],"curies":[{"name":"wp","href":"https:\/\/api.w.org\/{rel}","templated":true}]}}