{"id":300,"date":"2017-03-06T13:47:12","date_gmt":"2017-03-06T12:47:12","guid":{"rendered":"http:\/\/feuerwehr-zeitlarn.de\/?page_id=300"},"modified":"2019-04-15T21:29:19","modified_gmt":"2019-04-15T19:29:19","slug":"ausbildung","status":"publish","type":"page","link":"https:\/\/feuerwehr-zeitlarn.de\/?page_id=300","title":{"rendered":"Ausbildung"},"content":{"rendered":"<h1>Wir suchen Musiker und Nachwuchs!<\/h1>\n<p>Musik f\u00f6rdert Geist und Sinn, die Seele, &#8230;<\/p>\n<p>Bei der Feuerwehrkapelle Zeitlarn k\u00f6nnen Sie jederzeit qualifizierten Einzelunterricht f\u00fcr Anf\u00e4nger und Fortgeschrittene erhalten. Wenn sich gen\u00fcgend Interessierte finden, kann gerne ein kosteng\u00fcnstiger Gruppenunterricht stattfinden.<\/p>\n<p>Dar\u00fcber hinaus k\u00f6nnen lerneifrige Sch\u00fcler zus\u00e4tzlich zum Unterricht auch in einer Nachwuchsgruppe trainieren, sodass bereits wenige Monate nach Beginn kleine St\u00fccke vor Publikum aufgef\u00fchrt werden k\u00f6nnen.<br \/>\nBei Interesse melden Sie sich einfach<\/p>\n<p>&nbsp;<br \/>\nG\u00fcnstige Ausbildung durch qualifizierte Musiklehrkr\u00e4fte f\u00fcr:<\/p>\n<table width=\"70%\" align=\"center\">\n<tbody>\n<tr>\n<td>&nbsp;<\/td>\n<td>\n<table width=\"80%\" align=\"center\">\n<tbody>\n<tr>\n<td><strong>Tuba<\/strong><\/td>\n<td><strong>Trompete<\/strong><\/td>\n<\/tr>\n<tr>\n<td><strong>Bariton<\/strong><\/td>\n<td><strong>Klarinette<\/strong><\/td>\n<\/tr>\n<tr>\n<td><strong>Posaune<\/strong><\/td>\n<td><strong>Saxophon<\/strong><\/td>\n<\/tr>\n<tr>\n<td><strong>Tenorhorn<\/strong><\/td>\n<td><strong>Schlagzeug<\/strong><\/td>\n<\/tr>\n<\/tbody>\n<\/table>\n<\/td>\n<td>&nbsp;<\/td>\n<\/tr>\n<\/tbody>\n<\/table>\n<p>&nbsp;<\/p>\n<p><strong>Blockfl\u00f6te<\/strong>:<br \/>\nDieser Kurs ist f\u00fcr Sch\u00fcler der 1. \u2013 4. Klassen und findet einmal w\u00f6chentlich statt.<br \/>\nUmfragen haben ergeben, dass viele aktive Laienmusiker zun\u00e4chst mit der Blockfl\u00f6te begonnen haben. Nach wie vor ist hier der Vorteil, dass das Instrument g\u00fcnstig ist und schnell erste Musikst\u00fccke erlernt werden k\u00f6nnen. Die Fl\u00f6tenkinder werden &#8212; bei flei\u00dfigem \u00dcben &#8211; schnell Erfolge erzielen und sich \u00fcber erste kleinere Auftritte freuen.<br \/>\n&nbsp;<br \/>\n<strong>Musikalische Fr\u00fcherziehung<\/strong>:<br \/>\nDieser Kurs ist f\u00fcr Kinder von 4 \u2013 6 Jahren und findet einmal w\u00f6chentlich statt.<br \/>\nIn der musikalischen Fr\u00fcherziehung wird den Kindern erm\u00f6glicht, sich k\u00f6rperlich durch Bewegung, Gesang und Spiel eine musikalische Grundlage aufzubauen. Dies geschieht beispielsweise durch Liedbegleitungen mit Orff- Instrumenten und Percussions, aber auch durch H\u00f6rmemorys, Singspiele, T\u00e4nze, Klanggeschichten etc. Au\u00dferdem erlernen die Kinder ein altersgem\u00e4\u00dfes Wissen \u00fcber Notenarten und Notenwerte. Nebenbei wird die Konzentrationsf\u00e4higkeit, die Zusammenarbeit mit Gleichaltrigen, die sprachliche und motorische Entwicklung gef\u00f6rdert.<\/p>\n","protected":false},"excerpt":{"rendered":"<p class=\"qua-blog-post-description\">Wir suchen Musiker und Nachwuchs! Musik f\u00f6rdert Geist und Sinn, die Seele, &#8230; Bei der Feuerwehrkapelle Zeitlarn k\u00f6nnen Sie jederzeit qualifizierten Einzelunterricht f\u00fcr Anf\u00e4nger und Fortgeschrittene erhalten. Wenn sich gen\u00fcgend Interessierte finden, kann gerne ein kosteng\u00fcnstiger Gruppenunterricht stattfinden. Dar\u00fcber hinaus k\u00f6nnen lerneifrige Sch\u00fcler zus\u00e4tzlich zum Unterricht auch in einer Nachwuchsgruppe trainieren, sodass bereits wenige Monate [&hellip;]<\/p>\n","protected":false},"author":1,"featured_media":0,"parent":297,"menu_order":0,"comment_status":"closed","ping_status":"closed","template":"template-fullwidth.php","meta":{"footnotes":""},"class_list":["post-300","page","type-page","status-publish","hentry"],"_links":{"self":[{"href":"https:\/\/feuerwehr-zeitlarn.de\/index.php?rest_route=\/wp\/v2\/pages\/300","targetHints":{"allow":["GET"]}}],"collection":[{"href":"https:\/\/feuerwehr-zeitlarn.de\/index.php?rest_route=\/wp\/v2\/pages"}],"about":[{"href":"https:\/\/feuerwehr-zeitlarn.de\/index.php?rest_route=\/wp\/v2\/types\/page"}],"author":[{"embeddable":true,"href":"https:\/\/feuerwehr-zeitlarn.de\/index.php?rest_route=\/wp\/v2\/users\/1"}],"replies":[{"embeddable":true,"href":"https:\/\/feuerwehr-zeitlarn.de\/index.php?rest_route=%2Fwp%2Fv2%2Fcomments&post=300"}],"version-history":[{"count":6,"href":"https:\/\/feuerwehr-zeitlarn.de\/index.php?rest_route=\/wp\/v2\/pages\/300\/revisions"}],"predecessor-version":[{"id":399,"href":"https:\/\/feuerwehr-zeitlarn.de\/index.php?rest_route=\/wp\/v2\/pages\/300\/revisions\/399"}],"up":[{"embeddable":true,"href":"https:\/\/feuerwehr-zeitlarn.de\/index.php?rest_route=\/wp\/v2\/pages\/297"}],"wp:attachment":[{"href":"https:\/\/feuerwehr-zeitlarn.de\/index.php?rest_route=%2Fwp%2Fv2%2Fmedia&parent=300"}],"curies":[{"name":"wp","href":"https:\/\/api.w.org\/{rel}","templated":true}]}}