{"id":297,"date":"2017-03-06T13:45:41","date_gmt":"2017-03-06T12:45:41","guid":{"rendered":"http:\/\/feuerwehr-zeitlarn.de\/?page_id=297"},"modified":"2018-05-09T16:47:19","modified_gmt":"2018-05-09T14:47:19","slug":"blaskapelle","status":"publish","type":"page","link":"https:\/\/feuerwehr-zeitlarn.de\/?page_id=297","title":{"rendered":"Blaskapelle"},"content":{"rendered":"<p>1987 gr\u00fcndete die Freiwillige Feuerwehr Zeitlarn eine eigene Jugendblaskapelle,die bis Ende 2013 unter der Leitung von Hans Falk musizierte. Seit 2014 hat Thomas Flauger den Taktstock \u00fcbernommen.<br \/>\nNeben Feuerwehrfestlichkeiten in und um Zeitlarn gestalten wir kirchliche und weltliche Anl\u00e4sse aller Art, angefangen bei Vereinsjubil\u00e4en bis hin zu Fr\u00fchschoppen und Martinszug. Die Feuerwehkapelle Zeitlarn pflegt ein breites Repetoire: Neben traditioneller bayerischer Blas- und Marschmusik spielen wir Klassisches, Chor\u00e4le, Unterhaltungsmusik, Modernes und mehr.<\/p>\n<p>&nbsp;<\/p>\n<p><a href=\"http:\/\/feuerwehr-zeitlarn.de\/?attachment_id=370\" rel=\"attachment wp-att-302\"><img loading=\"lazy\" decoding=\"async\" class=\"aligncenter wp-image-370 size-large\" src=\"http:\/\/feuerwehr-zeitlarn.de\/wp-content\/uploads\/2018\/05\/32116167_1012431088923846_4657202737505632256_o-1024x682.jpg\" alt=\"\" width=\"860\" height=\"573\" srcset=\"https:\/\/feuerwehr-zeitlarn.de\/wp-content\/uploads\/2018\/05\/32116167_1012431088923846_4657202737505632256_o-1024x682.jpg 1024w, https:\/\/feuerwehr-zeitlarn.de\/wp-content\/uploads\/2018\/05\/32116167_1012431088923846_4657202737505632256_o-300x200.jpg 300w, https:\/\/feuerwehr-zeitlarn.de\/wp-content\/uploads\/2018\/05\/32116167_1012431088923846_4657202737505632256_o-768x511.jpg 768w, https:\/\/feuerwehr-zeitlarn.de\/wp-content\/uploads\/2018\/05\/32116167_1012431088923846_4657202737505632256_o.jpg 2048w\" sizes=\"auto, (max-width: 860px) 100vw, 860px\" \/><\/a><\/p>\n","protected":false},"excerpt":{"rendered":"<p class=\"qua-blog-post-description\">1987 gr\u00fcndete die Freiwillige Feuerwehr Zeitlarn eine eigene Jugendblaskapelle,die bis Ende 2013 unter der Leitung von Hans Falk musizierte. Seit 2014 hat Thomas Flauger den Taktstock \u00fcbernommen. Neben Feuerwehrfestlichkeiten in und um Zeitlarn gestalten wir kirchliche und weltliche Anl\u00e4sse aller Art, angefangen bei Vereinsjubil\u00e4en bis hin zu Fr\u00fchschoppen und Martinszug. Die Feuerwehkapelle Zeitlarn pflegt ein [&hellip;]<\/p>\n","protected":false},"author":1,"featured_media":0,"parent":0,"menu_order":6,"comment_status":"closed","ping_status":"closed","template":"template-fullwidth.php","meta":{"footnotes":""},"class_list":["post-297","page","type-page","status-publish","hentry"],"_links":{"self":[{"href":"https:\/\/feuerwehr-zeitlarn.de\/index.php?rest_route=\/wp\/v2\/pages\/297","targetHints":{"allow":["GET"]}}],"collection":[{"href":"https:\/\/feuerwehr-zeitlarn.de\/index.php?rest_route=\/wp\/v2\/pages"}],"about":[{"href":"https:\/\/feuerwehr-zeitlarn.de\/index.php?rest_route=\/wp\/v2\/types\/page"}],"author":[{"embeddable":true,"href":"https:\/\/feuerwehr-zeitlarn.de\/index.php?rest_route=\/wp\/v2\/users\/1"}],"replies":[{"embeddable":true,"href":"https:\/\/feuerwehr-zeitlarn.de\/index.php?rest_route=%2Fwp%2Fv2%2Fcomments&post=297"}],"version-history":[{"count":5,"href":"https:\/\/feuerwehr-zeitlarn.de\/index.php?rest_route=\/wp\/v2\/pages\/297\/revisions"}],"predecessor-version":[{"id":371,"href":"https:\/\/feuerwehr-zeitlarn.de\/index.php?rest_route=\/wp\/v2\/pages\/297\/revisions\/371"}],"wp:attachment":[{"href":"https:\/\/feuerwehr-zeitlarn.de\/index.php?rest_route=%2Fwp%2Fv2%2Fmedia&parent=297"}],"curies":[{"name":"wp","href":"https:\/\/api.w.org\/{rel}","templated":true}]}}