{"id":17799,"date":"2021-10-27T16:18:29","date_gmt":"2021-10-27T14:18:29","guid":{"rendered":"http:\/\/feuerwehr-zeitlarn.de\/?page_id=17799"},"modified":"2021-10-27T16:18:29","modified_gmt":"2021-10-27T14:18:29","slug":"rtb-99-1","status":"publish","type":"page","link":"https:\/\/feuerwehr-zeitlarn.de\/?page_id=17799","title":{"rendered":"RTB 99\/1"},"content":{"rendered":"\n<p>Rettungsboot 2<\/p>\n\n\n\n<p>Funkrufname: Florian Zeitlarn 99\/1<\/p>\n\n\n\n<p>Hersteller: Barro ALU-Bootsbau<\/p>\n\n\n\n<p>Baujahr: 2016<\/p>\n\n\n\n<p>In-Dienststellung:<\/p>\n\n\n\n<p>\u2014\u2014\u2014\u2014\u2014\u2014\u2014\u2014\u2014\u2014\u2014\u2014\u2014\u2014\u2014\u2014\u2014\u2014\u2014\u2014\u2014\u2014\u2014\u2014\u2014<\/p>\n\n\n\n<p>Technische Daten:<\/p>\n\n\n\n<p>Leergewicht: 535 kg<\/p>\n\n\n\n<p>Zuladung: 6 Personen<\/p>\n\n\n\n<p>Motorisierung: 50 PS Honda Au\u00dfenbordmotor<\/p>\n\n\n\n<p>Ausstattung:<\/p>\n\n\n\n<ul class=\"wp-block-list\"><li>Normbeladung MZB<\/li><li>F\u00fchrerstand an der Steuerbordseite mit einem Digitalfunkger\u00e4t.&nbsp;<\/li><li>Lichttr\u00e4ger am Heck mit Suchschneinwerfer, Blaulicht und Erkennungsleuchten.&nbsp;<\/li><li>Dieses Einsatzger\u00e4t wurde zu 100 % aus Mitteln des Feuerwehrvereins beschafft!<\/li><\/ul>\n","protected":false},"excerpt":{"rendered":"<p class=\"qua-blog-post-description\">Rettungsboot 2 Funkrufname: Florian Zeitlarn 99\/1 Hersteller: Barro ALU-Bootsbau Baujahr: 2016 In-Dienststellung: \u2014\u2014\u2014\u2014\u2014\u2014\u2014\u2014\u2014\u2014\u2014\u2014\u2014\u2014\u2014\u2014\u2014\u2014\u2014\u2014\u2014\u2014\u2014\u2014\u2014 Technische Daten: Leergewicht: 535 kg Zuladung: 6 Personen Motorisierung: 50 PS Honda Au\u00dfenbordmotor Ausstattung: Normbeladung MZB F\u00fchrerstand an der Steuerbordseite mit einem Digitalfunkger\u00e4t.&nbsp; Lichttr\u00e4ger am Heck mit Suchschneinwerfer, Blaulicht und Erkennungsleuchten.&nbsp; Dieses Einsatzger\u00e4t wurde zu 100 % aus Mitteln des Feuerwehrvereins beschafft!<\/p>\n","protected":false},"author":2,"featured_media":0,"parent":71,"menu_order":0,"comment_status":"closed","ping_status":"closed","template":"","meta":{"footnotes":""},"class_list":["post-17799","page","type-page","status-publish","hentry"],"_links":{"self":[{"href":"https:\/\/feuerwehr-zeitlarn.de\/index.php?rest_route=\/wp\/v2\/pages\/17799","targetHints":{"allow":["GET"]}}],"collection":[{"href":"https:\/\/feuerwehr-zeitlarn.de\/index.php?rest_route=\/wp\/v2\/pages"}],"about":[{"href":"https:\/\/feuerwehr-zeitlarn.de\/index.php?rest_route=\/wp\/v2\/types\/page"}],"author":[{"embeddable":true,"href":"https:\/\/feuerwehr-zeitlarn.de\/index.php?rest_route=\/wp\/v2\/users\/2"}],"replies":[{"embeddable":true,"href":"https:\/\/feuerwehr-zeitlarn.de\/index.php?rest_route=%2Fwp%2Fv2%2Fcomments&post=17799"}],"version-history":[{"count":1,"href":"https:\/\/feuerwehr-zeitlarn.de\/index.php?rest_route=\/wp\/v2\/pages\/17799\/revisions"}],"predecessor-version":[{"id":17800,"href":"https:\/\/feuerwehr-zeitlarn.de\/index.php?rest_route=\/wp\/v2\/pages\/17799\/revisions\/17800"}],"up":[{"embeddable":true,"href":"https:\/\/feuerwehr-zeitlarn.de\/index.php?rest_route=\/wp\/v2\/pages\/71"}],"wp:attachment":[{"href":"https:\/\/feuerwehr-zeitlarn.de\/index.php?rest_route=%2Fwp%2Fv2%2Fmedia&parent=17799"}],"curies":[{"name":"wp","href":"https:\/\/api.w.org\/{rel}","templated":true}]}}