{"id":102,"date":"2015-09-14T09:24:27","date_gmt":"2015-09-14T07:24:27","guid":{"rendered":"http:\/\/feuerwehr-zeitlarn.de\/?page_id=102"},"modified":"2015-09-14T09:24:27","modified_gmt":"2015-09-14T07:24:27","slug":"anhaenger-mza","status":"publish","type":"page","link":"https:\/\/feuerwehr-zeitlarn.de\/?page_id=102","title":{"rendered":"Anh\u00e4nger MZA"},"content":{"rendered":"<p style=\"text-align: center;\"><strong>Mehrzweckanh\u00e4nger<\/strong><br \/>\nmit Planenaufbau<\/p>\n<p style=\"text-align: left;\">Hilfsr\u00fcstanh\u00e4nger<\/p>\n<div id=\"page\" class=\"template-full-widch\">\n<div id=\"main\">\n<div class=\"primary\">\n<div id=\"content\">\n<article id=\"post-90\" class=\"post-90 page type-page status-publish hentry\">\n<div class=\"col2 fright\">\n<div class=\"entry-content\">\n<p>Kennzeichen: R \u2013 E 49 04<br \/>\nFahrgestell: J. Seebauer, Ponholz<br \/>\nErstzulassung: Februar 1988<br \/>\nIn-Dienststellung: 15.02.1988<br \/>\nBeschaffungskosten: 1.500,00\u20ac<\/p>\n<p>\u2014\u2014\u2014\u2014\u2014\u2014\u2014\u2014\u2014\u2014\u2014\u2014\u2014\u2014\u2014\u2014\u2014\u2014\u2014\u2014\u2014\u2014\u2014\u2014\u2014\u2014\u2014\u2013<br \/>\n<strong>Technische Daten:<\/strong><br \/>\nzul. Ges. Gewicht: 750 kg<br \/>\nLeergewicht: 300 kg<br \/>\nAbmessungen: 3,9 m L, 1,7 m B, 0,8 m H<br \/>\nBeladung: Anh\u00e4nger zum Transport von Ger\u00e4ten f\u00fcr \u00d6lschaden-Eins\u00e4tze und Wassersch\u00e4den.<\/p>\n<ul>\n<li>Tauchpumpe MAST TP 8\/1 mit Zubeh\u00f6r<\/li>\n<li>Schmutzwasserpumpe \u201cChiemsee\u201d mit Zubeh\u00f6r<\/li>\n<li>Nass-\/Trockensauger OERTZEN mit Zubeh\u00f6r<\/li>\n<li>Div. S\u00e4cke \u00d6lbinder f\u00fcr Verkehrsfl\u00e4chen<\/li>\n<li>Leerbeh\u00e4lter zur Aufnahme des verbrauchten \u00d6lbindemittels<\/li>\n<li>Handwerkzeug (Besen, Schaufel)<\/li>\n<li>Bindemittelsieb zur Aufnahme von \u00d6lbindern auf Gew\u00e4ssern<\/li>\n<li>Absperr- und Absicherungsmaterial<br \/>\nDieses Einsatzger\u00e4t wurde zu 100 % aus Mitteln des Feuerwehrvereins beschafft!<\/li>\n<\/ul>\n<\/div>\n<\/div>\n<\/article>\n<\/div>\n<\/div>\n<\/div>\n<\/div>\n","protected":false},"excerpt":{"rendered":"<p class=\"qua-blog-post-description\">Mehrzweckanh\u00e4nger mit Planenaufbau Hilfsr\u00fcstanh\u00e4nger Kennzeichen: R \u2013 E 49 04 Fahrgestell: J. Seebauer, Ponholz Erstzulassung: Februar 1988 In-Dienststellung: 15.02.1988 Beschaffungskosten: 1.500,00\u20ac \u2014\u2014\u2014\u2014\u2014\u2014\u2014\u2014\u2014\u2014\u2014\u2014\u2014\u2014\u2014\u2014\u2014\u2014\u2014\u2014\u2014\u2014\u2014\u2014\u2014\u2014\u2014\u2013 Technische Daten: zul. Ges. Gewicht: 750 kg Leergewicht: 300 kg Abmessungen: 3,9 m L, 1,7 m B, 0,8 m H Beladung: Anh\u00e4nger zum Transport von Ger\u00e4ten f\u00fcr \u00d6lschaden-Eins\u00e4tze und Wassersch\u00e4den. Tauchpumpe MAST TP [&hellip;]<\/p>\n","protected":false},"author":1,"featured_media":0,"parent":71,"menu_order":0,"comment_status":"closed","ping_status":"closed","template":"","meta":{"footnotes":""},"class_list":["post-102","page","type-page","status-publish","hentry"],"_links":{"self":[{"href":"https:\/\/feuerwehr-zeitlarn.de\/index.php?rest_route=\/wp\/v2\/pages\/102","targetHints":{"allow":["GET"]}}],"collection":[{"href":"https:\/\/feuerwehr-zeitlarn.de\/index.php?rest_route=\/wp\/v2\/pages"}],"about":[{"href":"https:\/\/feuerwehr-zeitlarn.de\/index.php?rest_route=\/wp\/v2\/types\/page"}],"author":[{"embeddable":true,"href":"https:\/\/feuerwehr-zeitlarn.de\/index.php?rest_route=\/wp\/v2\/users\/1"}],"replies":[{"embeddable":true,"href":"https:\/\/feuerwehr-zeitlarn.de\/index.php?rest_route=%2Fwp%2Fv2%2Fcomments&post=102"}],"version-history":[{"count":1,"href":"https:\/\/feuerwehr-zeitlarn.de\/index.php?rest_route=\/wp\/v2\/pages\/102\/revisions"}],"predecessor-version":[{"id":103,"href":"https:\/\/feuerwehr-zeitlarn.de\/index.php?rest_route=\/wp\/v2\/pages\/102\/revisions\/103"}],"up":[{"embeddable":true,"href":"https:\/\/feuerwehr-zeitlarn.de\/index.php?rest_route=\/wp\/v2\/pages\/71"}],"wp:attachment":[{"href":"https:\/\/feuerwehr-zeitlarn.de\/index.php?rest_route=%2Fwp%2Fv2%2Fmedia&parent=102"}],"curies":[{"name":"wp","href":"https:\/\/api.w.org\/{rel}","templated":true}]}}